{"id":2,"date":"2012-05-27T10:03:02","date_gmt":"2012-05-27T10:03:02","guid":{"rendered":"http:\/\/www.tousdescons.ch\/tdc\/?page_id=2"},"modified":"2018-06-17T14:03:50","modified_gmt":"2018-06-17T12:03:50","slug":"sample-page","status":"publish","type":"page","link":"https:\/\/www.tousdescons.ch\/tdc\/?page_id=2","title":{"rendered":"Avertissements"},"content":{"rendered":"<p>Ce site est un lieu d&rsquo;expression personnel de plusieurs auteurs sur des sujets divers.<\/p>\n<p>Il est n\u00e9 de la n\u00e9cessit\u00e9 de pouvoir exprimer des positions et autre r\u00e9flexions sur le monde actuel de fa\u00e7on spontan\u00e9es et non filtr\u00e9es par les crit\u00e8res sociaux et politiques en vigueur dans notre soci\u00e9t\u00e9&#8230;<\/p>\n<p>Un avertissement est donc n\u00e9cessaire, les textes disponibles sur ce site vont certainement heurter vos sensibilit\u00e9s&#8230;<\/p>\n<p>En rentrant sur le site, vous acceptez les cons\u00e9quences. En aucuns cas il vous est possible d&rsquo;attaquer en justice, ou par d&rsquo;autre moyens, emp\u00eacher les textes disponibles (sauf en cas de d\u00e9tection d&rsquo;un texte violant les lois en vigueur en France) d&rsquo;\u00eatre publi\u00e9s.<\/p>\n<p>L&rsquo;internaute aura la possibilit\u00e9 de r\u00e9agir \u00e0 certain texte, mais aucune garantie n&rsquo;est faite concernant la conservation des ses \u00e9crits.<\/p>\n<p>Ce site n&rsquo;est pas une d\u00e9mocratie !<\/p>\n","protected":false},"excerpt":{"rendered":"<p>Ce site est un lieu d&rsquo;expression personnel de plusieurs auteurs sur des sujets divers. Il est n\u00e9 de la n\u00e9cessit\u00e9 de pouvoir exprimer des positions et autre r\u00e9flexions sur le monde actuel de fa\u00e7on spontan\u00e9es et non filtr\u00e9es par les crit\u00e8res sociaux et politiques en vigueur dans notre soci\u00e9t\u00e9&#8230; Un avertissement est donc n\u00e9cessaire, les &hellip; <a href=\"https:\/\/www.tousdescons.ch\/tdc\/?page_id=2\" class=\"more-link\">Continuer la lecture de <span class=\"screen-reader-text\">Avertissements<\/span>  <span class=\"meta-nav\">&rarr;<\/span><\/a><\/p>\n","protected":false},"author":1,"featured_media":0,"parent":0,"menu_order":0,"comment_status":"closed","ping_status":"closed","template":"","meta":[],"_links":{"self":[{"href":"https:\/\/www.tousdescons.ch\/tdc\/index.php?rest_route=\/wp\/v2\/pages\/2"}],"collection":[{"href":"https:\/\/www.tousdescons.ch\/tdc\/index.php?rest_route=\/wp\/v2\/pages"}],"about":[{"href":"https:\/\/www.tousdescons.ch\/tdc\/index.php?rest_route=\/wp\/v2\/types\/page"}],"author":[{"embeddable":true,"href":"https:\/\/www.tousdescons.ch\/tdc\/index.php?rest_route=\/wp\/v2\/users\/1"}],"replies":[{"embeddable":true,"href":"https:\/\/www.tousdescons.ch\/tdc\/index.php?rest_route=%2Fwp%2Fv2%2Fcomments&post=2"}],"version-history":[{"count":14,"href":"https:\/\/www.tousdescons.ch\/tdc\/index.php?rest_route=\/wp\/v2\/pages\/2\/revisions"}],"predecessor-version":[{"id":357,"href":"https:\/\/www.tousdescons.ch\/tdc\/index.php?rest_route=\/wp\/v2\/pages\/2\/revisions\/357"}],"wp:attachment":[{"href":"https:\/\/www.tousdescons.ch\/tdc\/index.php?rest_route=%2Fwp%2Fv2%2Fmedia&parent=2"}],"curies":[{"name":"wp","href":"https:\/\/api.w.org\/{rel}","templated":true}]}}